{"id":270,"date":"2023-10-09T17:00:30","date_gmt":"2023-10-09T17:00:30","guid":{"rendered":"https:\/\/virgens.info\/wordpress\/index.php\/colibri-wp\/"},"modified":"2026-01-22T08:06:51","modified_gmt":"2026-01-22T08:06:51","slug":"colibri-wp","status":"publish","type":"page","link":"https:\/\/virgens.info\/","title":{"rendered":"STARTSEITE"},"content":{"rendered":"\n<div style=\"height:30px\" aria-hidden=\"true\" class=\"wp-block-spacer\"><\/div>\n\n\n\n<div class=\"wp-block-group has-global-padding is-layout-constrained wp-block-group-is-layout-constrained\">\n<p class=\"has-text-align-left\" style=\"font-size:clamp(14.642px, 0.915rem + ((1vw - 3.2px) * 0.651), 22px);\"><strong>UNTERNEHMENSBESCHREIBUNG<\/strong><\/p>\n\n\n\n<p class=\"has-text-align-left\" style=\"font-size:clamp(14px, 0.875rem + ((1vw - 3.2px) * 0.354), 18px);\"><br>Seit der Gr\u00fcndung 1988 ist die Gerd Virgens Landschaftsbau GmbH Ihr kompetenter Partner in Sachen Garten- und Landschaftsbau bei Projekten verschiedenster Art und Gr\u00f6\u00dfe im Gro\u00dfraum M\u00fcnchen.<\/p>\n\n\n\n<p class=\"has-text-align-left\" style=\"font-size:clamp(14px, 0.875rem + ((1vw - 3.2px) * 0.354), 18px);\">Unser Angebot f\u00fcr Ihre Au\u00dfenanlage erstreckt sich von der Planung \u00fcber die Ausf\u00fchrung und Fertigstellung bis hin zur Bestandspflege, alles aus einer Hand. Dabei spielt die Gr\u00f6\u00dfe des Auftrags keine Rolle.<\/p>\n\n\n\n<p class=\"has-text-align-left\" style=\"font-size:clamp(14px, 0.875rem + ((1vw - 3.2px) * 0.354), 18px);\">Durch unsere ausgebildeten Fachkr\u00e4fte und den modernen, breit aufgestellten Maschinenpark k\u00f6nnen wir unseren Kunden, der Auftragsgr\u00f6\u00dfe entsprechend, immer die bestm\u00f6gliche Qualit\u00e4t garantieren. Dabei steht die Zufriedenheit unserer Kunden immer an erster Stelle.<\/p>\n\n\n\n<p class=\"has-text-align-left\" style=\"font-size:clamp(14px, 0.875rem + ((1vw - 3.2px) * 0.354), 18px);\">Als Meisterbetrieb und somit auch Mitglied im Verband des VGL Bayern e.V. bilden wir j\u00e4hrlich neuen Nachwuchs im Garten- und Landschaftsbau aus.<\/p>\n<\/div>\n\n\n\n<div style=\"height:70px\" aria-hidden=\"true\" class=\"wp-block-spacer\"><\/div>\n\n\n\n<hr class=\"wp-block-separator has-alpha-channel-opacity is-style-wide\"\/>\n\n\n\n<div style=\"height:70px\" aria-hidden=\"true\" class=\"wp-block-spacer\"><\/div>\n\n\n\n<p class=\"has-text-align-center\" style=\"font-size:clamp(14.642px, 0.915rem + ((1vw - 3.2px) * 0.651), 22px);\"><strong>UNSER WEG ZU IHREM TRAUMGARTEN<\/strong><\/p>\n\n\n\n<div style=\"height:30px\" aria-hidden=\"true\" class=\"wp-block-spacer\"><\/div>\n\n\n\n<div class=\"wp-block-columns is-layout-flex wp-container-core-columns-is-layout-28f84493 wp-block-columns-is-layout-flex\">\n<div class=\"wp-block-column is-layout-flow wp-block-column-is-layout-flow\">\n<p class=\"has-text-align-center\" style=\"font-size:clamp(14px, 0.875rem + ((1vw - 3.2px) * 0.354), 18px);\">BERATUNG\/PLANUNG<\/p>\n\n\n\n<figure class=\"wp-block-image size-large\"><img loading=\"lazy\" decoding=\"async\" width=\"1024\" height=\"1024\" src=\"https:\/\/virgens.info\/wp-content\/uploads\/2025\/05\/DSC5235-3-1024x1024.jpg\" alt=\"\" class=\"wp-image-1050\" style=\"aspect-ratio:1;object-fit:cover\" srcset=\"https:\/\/virgens.info\/wp-content\/uploads\/2025\/05\/DSC5235-3-1024x1024.jpg 1024w, https:\/\/virgens.info\/wp-content\/uploads\/2025\/05\/DSC5235-3-300x300.jpg 300w, https:\/\/virgens.info\/wp-content\/uploads\/2025\/05\/DSC5235-3-150x150.jpg 150w, https:\/\/virgens.info\/wp-content\/uploads\/2025\/05\/DSC5235-3.jpg 1365w\" sizes=\"auto, (max-width: 1024px) 100vw, 1024px\" \/><\/figure>\n\n\n\n<p style=\"font-size:clamp(14px, 0.875rem + ((1vw - 3.2px) * 0.354), 18px);\">Gerne beraten wir Sie, wie wir Ihren Garten perfekt auf Ihre W\u00fcnsche und Bed\u00fcrfnisse anpassen k\u00f6nnen.<\/p>\n<\/div>\n\n\n\n<div class=\"wp-block-column is-layout-flow wp-block-column-is-layout-flow\">\n<p class=\"has-text-align-center\" style=\"font-size:clamp(14px, 0.875rem + ((1vw - 3.2px) * 0.354), 18px);\">AUSF\u00dcHRUNG <\/p>\n\n\n\n<figure class=\"wp-block-image size-large\"><img loading=\"lazy\" decoding=\"async\" width=\"1024\" height=\"1024\" src=\"https:\/\/virgens.info\/wp-content\/uploads\/2025\/05\/DSC9126-1024x1024.jpg\" alt=\"\" class=\"wp-image-996\" style=\"aspect-ratio:1;object-fit:cover\" srcset=\"https:\/\/virgens.info\/wp-content\/uploads\/2025\/05\/DSC9126-1024x1024.jpg 1024w, https:\/\/virgens.info\/wp-content\/uploads\/2025\/05\/DSC9126-300x300.jpg 300w, https:\/\/virgens.info\/wp-content\/uploads\/2025\/05\/DSC9126-150x150.jpg 150w, https:\/\/virgens.info\/wp-content\/uploads\/2025\/05\/DSC9126.jpg 1365w\" sizes=\"auto, (max-width: 1024px) 100vw, 1024px\" \/><\/figure>\n\n\n\n<p style=\"font-size:clamp(14px, 0.875rem + ((1vw - 3.2px) * 0.354), 18px);\">Nach Beauftragung kommen wir voller Tatendrang zu Ihnen und schaffen Ihnen einen individuellen Traumgarten.<\/p>\n<\/div>\n\n\n\n<div class=\"wp-block-column is-layout-flow wp-block-column-is-layout-flow\">\n<p class=\"has-text-align-center\" style=\"font-size:clamp(14px, 0.875rem + ((1vw - 3.2px) * 0.354), 18px);\">PFLEGE <\/p>\n\n\n\n<figure class=\"wp-block-image size-large\"><img loading=\"lazy\" decoding=\"async\" width=\"1024\" height=\"683\" src=\"https:\/\/virgens.info\/wp-content\/uploads\/2025\/05\/DSC9228-1024x683.jpg\" alt=\"\" class=\"wp-image-931\" style=\"aspect-ratio:1;object-fit:cover\" srcset=\"https:\/\/virgens.info\/wp-content\/uploads\/2025\/05\/DSC9228-1024x683.jpg 1024w, https:\/\/virgens.info\/wp-content\/uploads\/2025\/05\/DSC9228-300x200.jpg 300w, https:\/\/virgens.info\/wp-content\/uploads\/2025\/05\/DSC9228-2000x1333.jpg 2000w, https:\/\/virgens.info\/wp-content\/uploads\/2025\/05\/DSC9228.jpg 2048w\" sizes=\"auto, (max-width: 1024px) 100vw, 1024px\" \/><\/figure>\n\n\n\n<p style=\"font-size:clamp(14px, 0.875rem + ((1vw - 3.2px) * 0.354), 18px);\">Damit Ihr Traumgarten langfristig erhalten bleibt, \u00fcbernehmen wir gerne die j\u00e4hrliche Pflege.<\/p>\n<\/div>\n<\/div>\n\n\n\n<div style=\"height:70px\" aria-hidden=\"true\" class=\"wp-block-spacer\"><\/div>\n\n\n\n<hr class=\"wp-block-separator has-alpha-channel-opacity is-style-wide\"\/>\n\n\n\n<div style=\"height:70px\" aria-hidden=\"true\" class=\"wp-block-spacer\"><\/div>\n\n\n\n<p class=\"has-text-align-center\" style=\"font-size:clamp(14.642px, 0.915rem + ((1vw - 3.2px) * 0.651), 22px);\"><strong>UNVERBINDLICHE ERSTBERATUNG<\/strong><\/p>\n\n\n\n<div style=\"height:30px\" aria-hidden=\"true\" class=\"wp-block-spacer\"><\/div>\n\n\n\n<div class=\"wp-block-media-text is-stacked-on-mobile is-image-fill-element\" style=\"grid-template-columns:38% auto\"><figure class=\"wp-block-media-text__media\"><img loading=\"lazy\" decoding=\"async\" width=\"683\" height=\"1024\" src=\"https:\/\/virgens.info\/wp-content\/uploads\/2025\/05\/DSC5202-1-683x1024.jpg\" alt=\"\" class=\"wp-image-847 size-full\" style=\"object-position:50% 50%\" srcset=\"https:\/\/virgens.info\/wp-content\/uploads\/2025\/05\/DSC5202-1-683x1024.jpg 683w, https:\/\/virgens.info\/wp-content\/uploads\/2025\/05\/DSC5202-1-200x300.jpg 200w, https:\/\/virgens.info\/wp-content\/uploads\/2025\/05\/DSC5202-1.jpg 1365w\" sizes=\"auto, (max-width: 683px) 100vw, 683px\" \/><\/figure><div class=\"wp-block-media-text__content\">\n<p><\/p>\n\n\n\n<p style=\"font-size:clamp(14px, 0.875rem + ((1vw - 3.2px) * 0.354), 18px);\">Vereinbaren Sie noch heute Ihr pers\u00f6nliches Beratungsgespr\u00e4ch mit einem unserer beiden Gesch\u00e4ftsf\u00fchrer.<br>Rufen Sie uns an unter Tel: 08121-259255 oder schreiben Sie uns eine E-mail mit Ihrem Anliegen E-mail: mail@virgens.info .<\/p>\n<\/div><\/div>\n\n\n\n<div style=\"height:100px\" aria-hidden=\"true\" class=\"wp-block-spacer\"><\/div>\n\n\n\n<p><\/p>\n","protected":false},"excerpt":{"rendered":"<p>UNTERNEHMENSBESCHREIBUNG Seit der Gr\u00fcndung 1988 ist die Gerd Virgens Landschaftsbau GmbH Ihr kompetenter Partner in Sachen Garten- und Landschaftsbau bei Projekten verschiedenster Art und Gr\u00f6\u00dfe im Gro\u00dfraum M\u00fcnchen. Unser Angebot f\u00fcr Ihre Au\u00dfenanlage erstreckt sich von der Planung \u00fcber die Ausf\u00fchrung und Fertigstellung bis hin zur Bestandspflege, alles aus einer Hand. Dabei spielt die Gr\u00f6\u00dfe &hellip; <\/p>\n<p class=\"link-more\"><a href=\"https:\/\/virgens.info\/\" class=\"more-link\">Mehr <span class=\"screen-reader-text\">\u00fcber &#8222;STARTSEITE&#8220; <\/span>Lesen<\/a><\/p>\n","protected":false},"author":1,"featured_media":0,"parent":0,"menu_order":0,"comment_status":"closed","ping_status":"closed","template":"","meta":{"ngg_post_thumbnail":0,"_inspiro_hide_title":false,"footnotes":""},"class_list":["post-270","page","type-page","status-publish","hentry"],"yoast_head":"<!-- This site is optimized with the Yoast SEO plugin v26.9 - https:\/\/yoast.com\/product\/yoast-seo-wordpress\/ -->\n<title>STARTSEITE - GERD VIRGENS LANDSCHAFTSBAU<\/title>\n<meta name=\"description\" content=\"Von der Gartenplanung \u00fcber die Ausf\u00fchrung bis hin zur langj\u00e4hrigen Pflege des Gartens - Wir sind der richtige Partner im Bereich GaLa-Bau.\" \/>\n<meta name=\"robots\" content=\"noindex, follow, max-snippet:-1, max-image-preview:large, max-video-preview:-1\" \/>\n<meta property=\"og:locale\" content=\"de_DE\" \/>\n<meta property=\"og:type\" content=\"article\" \/>\n<meta property=\"og:title\" content=\"STARTSEITE - GERD VIRGENS LANDSCHAFTSBAU\" \/>\n<meta property=\"og:description\" content=\"Von der Gartenplanung \u00fcber die Ausf\u00fchrung bis hin zur langj\u00e4hrigen Pflege des Gartens - Wir sind der richtige Partner im Bereich GaLa-Bau.\" \/>\n<meta property=\"og:url\" content=\"https:\/\/virgens.info\/\" \/>\n<meta property=\"og:site_name\" content=\"Gerd Virgens Landschaftsbau GmbH\" \/>\n<meta property=\"article:modified_time\" content=\"2026-01-22T08:06:51+00:00\" \/>\n<meta property=\"og:image\" content=\"https:\/\/virgens.info\/wp-content\/uploads\/2025\/05\/DSC5235-3.jpg\" \/>\n\t<meta property=\"og:image:width\" content=\"1365\" \/>\n\t<meta property=\"og:image:height\" content=\"1365\" \/>\n\t<meta property=\"og:image:type\" content=\"image\/jpeg\" \/>\n<meta name=\"twitter:card\" content=\"summary_large_image\" \/>\n<meta name=\"twitter:label1\" content=\"Gesch\u00e4tzte Lesezeit\" \/>\n\t<meta name=\"twitter:data1\" content=\"2\u00a0Minuten\" \/>\n<script type=\"application\/ld+json\" class=\"yoast-schema-graph\">{\"@context\":\"https:\/\/schema.org\",\"@graph\":[{\"@type\":\"WebPage\",\"@id\":\"https:\/\/virgens.info\/\",\"url\":\"https:\/\/virgens.info\/\",\"name\":\"STARTSEITE - GERD VIRGENS LANDSCHAFTSBAU\",\"isPartOf\":{\"@id\":\"https:\/\/virgens.info\/#website\"},\"primaryImageOfPage\":{\"@id\":\"https:\/\/virgens.info\/#primaryimage\"},\"image\":{\"@id\":\"https:\/\/virgens.info\/#primaryimage\"},\"thumbnailUrl\":\"https:\/\/virgens.info\/wp-content\/uploads\/2025\/05\/DSC5235-3-1024x1024.jpg\",\"datePublished\":\"2023-10-09T17:00:30+00:00\",\"dateModified\":\"2026-01-22T08:06:51+00:00\",\"description\":\"Von der Gartenplanung \u00fcber die Ausf\u00fchrung bis hin zur langj\u00e4hrigen Pflege des Gartens - Wir sind der richtige Partner im Bereich GaLa-Bau.\",\"breadcrumb\":{\"@id\":\"https:\/\/virgens.info\/#breadcrumb\"},\"inLanguage\":\"de\",\"potentialAction\":[{\"@type\":\"ReadAction\",\"target\":[\"https:\/\/virgens.info\/\"]}]},{\"@type\":\"ImageObject\",\"inLanguage\":\"de\",\"@id\":\"https:\/\/virgens.info\/#primaryimage\",\"url\":\"https:\/\/virgens.info\/wp-content\/uploads\/2025\/05\/DSC5235-3.jpg\",\"contentUrl\":\"https:\/\/virgens.info\/wp-content\/uploads\/2025\/05\/DSC5235-3.jpg\",\"width\":1365,\"height\":1365},{\"@type\":\"BreadcrumbList\",\"@id\":\"https:\/\/virgens.info\/#breadcrumb\",\"itemListElement\":[{\"@type\":\"ListItem\",\"position\":1,\"name\":\"Startseite\",\"item\":\"https:\/\/virgens.info\/\"},{\"@type\":\"ListItem\",\"position\":2,\"name\":\"STARTSEITE\"}]},{\"@type\":\"WebSite\",\"@id\":\"https:\/\/virgens.info\/#website\",\"url\":\"https:\/\/virgens.info\/\",\"name\":\"Gerd Virgens Landschaftsbau GmbH\",\"description\":\"Gerd Virgens Landschaftsbau GmbH\",\"publisher\":{\"@id\":\"https:\/\/virgens.info\/#organization\"},\"potentialAction\":[{\"@type\":\"SearchAction\",\"target\":{\"@type\":\"EntryPoint\",\"urlTemplate\":\"https:\/\/virgens.info\/?s={search_term_string}\"},\"query-input\":{\"@type\":\"PropertyValueSpecification\",\"valueRequired\":true,\"valueName\":\"search_term_string\"}}],\"inLanguage\":\"de\"},{\"@type\":\"Organization\",\"@id\":\"https:\/\/virgens.info\/#organization\",\"name\":\"Gerd Virgens Landschaftsbau GmbH\",\"url\":\"https:\/\/virgens.info\/\",\"logo\":{\"@type\":\"ImageObject\",\"inLanguage\":\"de\",\"@id\":\"https:\/\/virgens.info\/#\/schema\/logo\/image\/\",\"url\":\"https:\/\/virgens.info\/wp-content\/uploads\/2023\/10\/cropped-Unbenannt-removebg-preview.png\",\"contentUrl\":\"https:\/\/virgens.info\/wp-content\/uploads\/2023\/10\/cropped-Unbenannt-removebg-preview.png\",\"width\":200,\"height\":80,\"caption\":\"Gerd Virgens Landschaftsbau GmbH\"},\"image\":{\"@id\":\"https:\/\/virgens.info\/#\/schema\/logo\/image\/\"}}]}<\/script>\n<!-- \/ Yoast SEO plugin. -->","yoast_head_json":{"title":"STARTSEITE - GERD VIRGENS LANDSCHAFTSBAU","description":"Von der Gartenplanung \u00fcber die Ausf\u00fchrung bis hin zur langj\u00e4hrigen Pflege des Gartens - Wir sind der richtige Partner im Bereich GaLa-Bau.","robots":{"index":"noindex","follow":"follow","max-snippet":"max-snippet:-1","max-image-preview":"max-image-preview:large","max-video-preview":"max-video-preview:-1"},"og_locale":"de_DE","og_type":"article","og_title":"STARTSEITE - GERD VIRGENS LANDSCHAFTSBAU","og_description":"Von der Gartenplanung \u00fcber die Ausf\u00fchrung bis hin zur langj\u00e4hrigen Pflege des Gartens - Wir sind der richtige Partner im Bereich GaLa-Bau.","og_url":"https:\/\/virgens.info\/","og_site_name":"Gerd Virgens Landschaftsbau GmbH","article_modified_time":"2026-01-22T08:06:51+00:00","og_image":[{"width":1365,"height":1365,"url":"https:\/\/virgens.info\/wp-content\/uploads\/2025\/05\/DSC5235-3.jpg","type":"image\/jpeg"}],"twitter_card":"summary_large_image","twitter_misc":{"Gesch\u00e4tzte Lesezeit":"2\u00a0Minuten"},"schema":{"@context":"https:\/\/schema.org","@graph":[{"@type":"WebPage","@id":"https:\/\/virgens.info\/","url":"https:\/\/virgens.info\/","name":"STARTSEITE - GERD VIRGENS LANDSCHAFTSBAU","isPartOf":{"@id":"https:\/\/virgens.info\/#website"},"primaryImageOfPage":{"@id":"https:\/\/virgens.info\/#primaryimage"},"image":{"@id":"https:\/\/virgens.info\/#primaryimage"},"thumbnailUrl":"https:\/\/virgens.info\/wp-content\/uploads\/2025\/05\/DSC5235-3-1024x1024.jpg","datePublished":"2023-10-09T17:00:30+00:00","dateModified":"2026-01-22T08:06:51+00:00","description":"Von der Gartenplanung \u00fcber die Ausf\u00fchrung bis hin zur langj\u00e4hrigen Pflege des Gartens - Wir sind der richtige Partner im Bereich GaLa-Bau.","breadcrumb":{"@id":"https:\/\/virgens.info\/#breadcrumb"},"inLanguage":"de","potentialAction":[{"@type":"ReadAction","target":["https:\/\/virgens.info\/"]}]},{"@type":"ImageObject","inLanguage":"de","@id":"https:\/\/virgens.info\/#primaryimage","url":"https:\/\/virgens.info\/wp-content\/uploads\/2025\/05\/DSC5235-3.jpg","contentUrl":"https:\/\/virgens.info\/wp-content\/uploads\/2025\/05\/DSC5235-3.jpg","width":1365,"height":1365},{"@type":"BreadcrumbList","@id":"https:\/\/virgens.info\/#breadcrumb","itemListElement":[{"@type":"ListItem","position":1,"name":"Startseite","item":"https:\/\/virgens.info\/"},{"@type":"ListItem","position":2,"name":"STARTSEITE"}]},{"@type":"WebSite","@id":"https:\/\/virgens.info\/#website","url":"https:\/\/virgens.info\/","name":"Gerd Virgens Landschaftsbau GmbH","description":"Gerd Virgens Landschaftsbau GmbH","publisher":{"@id":"https:\/\/virgens.info\/#organization"},"potentialAction":[{"@type":"SearchAction","target":{"@type":"EntryPoint","urlTemplate":"https:\/\/virgens.info\/?s={search_term_string}"},"query-input":{"@type":"PropertyValueSpecification","valueRequired":true,"valueName":"search_term_string"}}],"inLanguage":"de"},{"@type":"Organization","@id":"https:\/\/virgens.info\/#organization","name":"Gerd Virgens Landschaftsbau GmbH","url":"https:\/\/virgens.info\/","logo":{"@type":"ImageObject","inLanguage":"de","@id":"https:\/\/virgens.info\/#\/schema\/logo\/image\/","url":"https:\/\/virgens.info\/wp-content\/uploads\/2023\/10\/cropped-Unbenannt-removebg-preview.png","contentUrl":"https:\/\/virgens.info\/wp-content\/uploads\/2023\/10\/cropped-Unbenannt-removebg-preview.png","width":200,"height":80,"caption":"Gerd Virgens Landschaftsbau GmbH"},"image":{"@id":"https:\/\/virgens.info\/#\/schema\/logo\/image\/"}}]}},"_links":{"self":[{"href":"https:\/\/virgens.info\/index.php\/wp-json\/wp\/v2\/pages\/270","targetHints":{"allow":["GET"]}}],"collection":[{"href":"https:\/\/virgens.info\/index.php\/wp-json\/wp\/v2\/pages"}],"about":[{"href":"https:\/\/virgens.info\/index.php\/wp-json\/wp\/v2\/types\/page"}],"author":[{"embeddable":true,"href":"https:\/\/virgens.info\/index.php\/wp-json\/wp\/v2\/users\/1"}],"replies":[{"embeddable":true,"href":"https:\/\/virgens.info\/index.php\/wp-json\/wp\/v2\/comments?post=270"}],"version-history":[{"count":40,"href":"https:\/\/virgens.info\/index.php\/wp-json\/wp\/v2\/pages\/270\/revisions"}],"predecessor-version":[{"id":1065,"href":"https:\/\/virgens.info\/index.php\/wp-json\/wp\/v2\/pages\/270\/revisions\/1065"}],"wp:attachment":[{"href":"https:\/\/virgens.info\/index.php\/wp-json\/wp\/v2\/media?parent=270"}],"curies":[{"name":"wp","href":"https:\/\/api.w.org\/{rel}","templated":true}]}}